{"id":2282,"date":"2022-01-25T14:48:20","date_gmt":"2022-01-25T13:48:20","guid":{"rendered":"https:\/\/david-hof.poush-dev.be\/livraison-de-fleurs-a-bruxelles\/"},"modified":"2022-06-01T10:23:57","modified_gmt":"2022-06-01T08:23:57","slug":"flower-delivery-in-brussels","status":"publish","type":"page","link":"https:\/\/david-hof.poush-dev.be\/en\/flower-delivery-in-brussels\/","title":{"rendered":"Flower delivery in Brussels"},"content":{"rendered":"<section class=\"wpb-content-wrapper\"><p>[vc_row bg_type=&#8221;image&#8221; parallax_style=&#8221;vcpb-default&#8221; bg_image_new=&#8221;id^1789|url^https:\/\/david-hof.poush-dev.be\/wp-content\/uploads\/2022\/01\/dh-5.jpg|caption^null|alt^null|title^dh-5|description^null&#8221; bg_image_repeat=&#8221;no-repeat&#8221; bg_override=&#8221;ex-full&#8221; enable_overlay=&#8221;enable_overlay_value&#8221; overlay_color=&#8221;rgba(0,0,0,0.4)&#8221; overlay_pattern=&#8221;transperant&#8221; overlay_pattern_opacity=&#8221;0&#8243; overlay_pattern_size=&#8221;0&#8243; overlay_pattern_attachment=&#8221;fixed&#8221; css=&#8221;.vc_custom_1643122308636{padding-top: 80px !important;padding-bottom: 120px !important;background-position: center !important;background-repeat: no-repeat !important;background-size: cover !important;}&#8221; el_class=&#8221;custom-main&#8221;][vc_column offset=&#8221;vc_col-lg-offset-2 vc_col-lg-8&#8243;][vc_column_text el_class=&#8221;custom-white&#8221;]<\/p>\n<h1 style=\"text-align: center;\">Flower delivery in Brussels<\/h1>\n<p>[\/vc_column_text][\/vc_column][\/vc_row][vc_row full_width=&#8221;stretch_row&#8221; bg_type=&#8221;bg_color&#8221; bg_override=&#8221;ex-full&#8221; css=&#8221;.vc_custom_1643019247854{padding-top: 60px !important;padding-bottom: 60px !important;}&#8221; bg_color_value=&#8221;#f6f3eb&#8221;][vc_column offset=&#8221;vc_col-lg-offset-1 vc_col-lg-10&#8243;][vc_column_text]<\/p>\n<h2 style=\"text-align: center;\">Les questions fr\u00e9quentes sur la livraison de vos fleurs<\/h2>\n<p>[\/vc_column_text][vc_toggle title=&#8221;O\u00f9 puis-je faire livrer des fleurs en Belgique ?&#8221; style=&#8221;round_outline&#8221; custom_font_container=&#8221;tag:div|text_align:left|color:%23010d26&#8243; custom_use_theme_fonts=&#8221;yes&#8221; use_custom_heading=&#8221;true&#8221;]Nous assurons la livraison de vos bouquets, fleurs ou couronnes dans les 19 <strong>communes de Bruxelles<\/strong> ainsi que certaines communes <strong>aux alentours. <\/strong><\/p>\n<p>Voici la liste compl\u00e8te des communes desservies\u00a0:<\/p>\n<table>\n<thead>\n<tr>\n<th width=\"100\">Code postal<\/th>\n<th>Commune<\/th>\n<\/tr>\n<\/thead>\n<tbody>\n<tr>\n<td>1000<\/td>\n<td>Bruxelles<\/td>\n<\/tr>\n<tr>\n<td>1020<\/td>\n<td>Laeken<\/td>\n<\/tr>\n<tr>\n<td>1030<\/td>\n<td>Schaerbeek<\/td>\n<\/tr>\n<tr>\n<td>1040<\/td>\n<td>Etterbeek<\/td>\n<\/tr>\n<tr>\n<td>1050<\/td>\n<td>Ixelles<\/td>\n<\/tr>\n<tr>\n<td>1060<\/td>\n<td>Saint-Gilles<\/td>\n<\/tr>\n<tr>\n<td>1070<\/td>\n<td>Anderlecht<\/td>\n<\/tr>\n<tr>\n<td>1080<\/td>\n<td>Molenbeek<\/td>\n<\/tr>\n<tr>\n<td>1081<\/td>\n<td>Koekelberg<\/td>\n<\/tr>\n<tr>\n<td>1082<\/td>\n<td>Berchem-Sainte-Agathe<\/td>\n<\/tr>\n<tr>\n<td>1083<\/td>\n<td>Ganshoren<\/td>\n<\/tr>\n<tr>\n<td>1090<\/td>\n<td>Jette<\/td>\n<\/tr>\n<tr>\n<td>1120<\/td>\n<td>Neder-Over-Heembeek<\/td>\n<\/tr>\n<tr>\n<td>1130<\/td>\n<td>Haren<\/td>\n<\/tr>\n<tr>\n<td>1140<\/td>\n<td>Evere<\/td>\n<\/tr>\n<tr>\n<td>1150<\/td>\n<td>Woluw\u00e9 Saint-Pierre<\/td>\n<\/tr>\n<tr>\n<td>1160<\/td>\n<td>Auderghem<\/td>\n<\/tr>\n<tr>\n<td>1170<\/td>\n<td>Watermael-Boitsfort<\/td>\n<\/tr>\n<tr>\n<td>1180<\/td>\n<td>Uccle<\/td>\n<\/tr>\n<tr>\n<td>1190<\/td>\n<td>Forest<\/td>\n<\/tr>\n<tr>\n<td>1200<\/td>\n<td>Woluw\u00e9 Saint-Lambert<\/td>\n<\/tr>\n<tr>\n<td>1210<\/td>\n<td>Saint-Josse<\/td>\n<\/tr>\n<tr>\n<td>1300<\/td>\n<td>Wavre<\/td>\n<\/tr>\n<tr>\n<td>1310<\/td>\n<td>La Hulpe<\/td>\n<\/tr>\n<tr>\n<td>1330<\/td>\n<td>Rixensart<\/td>\n<\/tr>\n<tr>\n<td>1410<\/td>\n<td>Waterloo<\/td>\n<\/tr>\n<tr>\n<td>1500<\/td>\n<td>Halle<\/td>\n<\/tr>\n<tr>\n<td>1560<\/td>\n<td>Hoeilaart<\/td>\n<\/tr>\n<tr>\n<td>1600<\/td>\n<td>Leeuw-Saint-Pierre<\/td>\n<\/tr>\n<tr>\n<td>1620<\/td>\n<td>Drogenbos<\/td>\n<\/tr>\n<tr>\n<td>1630<\/td>\n<td>Linkebeek<\/td>\n<\/tr>\n<tr>\n<td>1640<\/td>\n<td>Rhodes-Saint-Gen\u00e8se<\/td>\n<\/tr>\n<tr>\n<td>1650<\/td>\n<td>Beersel<\/td>\n<\/tr>\n<tr>\n<td>1651<\/td>\n<td>Lot<\/td>\n<\/tr>\n<tr>\n<td>1652<\/td>\n<td>Alsemberg<\/td>\n<\/tr>\n<tr>\n<td>1653<\/td>\n<td>Dworp<\/td>\n<\/tr>\n<tr>\n<td>1654<\/td>\n<td>Huizingen<\/td>\n<\/tr>\n<tr>\n<td>1700<\/td>\n<td>Dilbeek<\/td>\n<\/tr>\n<tr>\n<td>1701<\/td>\n<td>Itterbeek<\/td>\n<\/tr>\n<tr>\n<td>1702<\/td>\n<td>Grand-Bigard<\/td>\n<\/tr>\n<tr>\n<td>1703<\/td>\n<td>Schepdaal<\/td>\n<\/tr>\n<tr>\n<td>1730<\/td>\n<td>Asse<\/td>\n<\/tr>\n<tr>\n<td>1731<\/td>\n<td>Zellik<\/td>\n<\/tr>\n<tr>\n<td>1740<\/td>\n<td>Ternat<\/td>\n<\/tr>\n<tr>\n<td>1780<\/td>\n<td>Wemmel<\/td>\n<\/tr>\n<tr>\n<td>1785<\/td>\n<td>Merchtem<\/td>\n<\/tr>\n<tr>\n<td>1800<\/td>\n<td>Vilvoorde<\/td>\n<\/tr>\n<tr>\n<td>1820<\/td>\n<td>Steenokkerzeel<\/td>\n<\/tr>\n<tr>\n<td>1830<\/td>\n<td>Machelen<\/td>\n<\/tr>\n<tr>\n<td>1831<\/td>\n<td>Dieghem<\/td>\n<\/tr>\n<tr>\n<td>1850<\/td>\n<td>Grimbergen<\/td>\n<\/tr>\n<tr>\n<td>1853<\/td>\n<td>Strombeek-Bever<\/td>\n<\/tr>\n<tr>\n<td>1860<\/td>\n<td>Meise<\/td>\n<\/tr>\n<tr>\n<td>1910<\/td>\n<td>Kampenhout<\/td>\n<\/tr>\n<tr>\n<td>1930<\/td>\n<td>Zaventem<\/td>\n<\/tr>\n<tr>\n<td>1932<\/td>\n<td>Woluw\u00e9 Saint-Etienne<\/td>\n<\/tr>\n<tr>\n<td>1950<\/td>\n<td>Kraainem<\/td>\n<\/tr>\n<tr>\n<td>1970<\/td>\n<td>Wezembeek-Oppem<\/td>\n<\/tr>\n<tr>\n<td>1980-<\/td>\n<td>Zemst<\/td>\n<\/tr>\n<tr>\n<td>2800<\/td>\n<td>Mechelen<\/td>\n<\/tr>\n<tr>\n<td>3000-<\/td>\n<td>Leuven<\/td>\n<\/tr>\n<tr>\n<td>3070<\/td>\n<td>Kortenberg<\/td>\n<\/tr>\n<tr>\n<td>3080<\/td>\n<td>Tervuren<\/td>\n<\/tr>\n<tr>\n<td>3090<\/td>\n<td>Overijse<\/td>\n<\/tr>\n<tr>\n<td>3150<\/td>\n<td>Haacht<\/td>\n<\/tr>\n<\/tbody>\n<\/table>\n<p>[\/vc_toggle][vc_toggle title=&#8221;\u00c0 combien s\u2019\u00e9l\u00e8vent les frais de livraison \u00e0 Bruxelles et aux alentours ?&#8221; style=&#8221;round_outline&#8221; custom_font_container=&#8221;tag:div|text_align:left|color:%23010d26&#8243; custom_use_theme_fonts=&#8221;yes&#8221; use_custom_heading=&#8221;true&#8221;]Vous b\u00e9n\u00e9ficiez d\u2019une livraison gratuite dans les 19 communes de Bruxelles d\u00e8s 50 euros d\u2019achat. Sinon, les frais s\u2019\u00e9l\u00e8vent \u00e0 8 \u20ac.<\/p>\n<p>Pour une livraison en dehors de Bruxelles, voici la liste des <strong>prix s\u2019appliquant \u00e0 chaque commune<\/strong>, quel que soit le nombre de bouquets command\u00e9s.<\/p>\n<table>\n<thead>\n<tr>\n<th width=\"100\">Code postal<\/th>\n<th>Commune<\/th>\n<th>Prix<\/th>\n<\/tr>\n<\/thead>\n<tbody>\n<tr>\n<td>1300<\/td>\n<td>Wavre<\/td>\n<td>20.00 \u20acuro<\/td>\n<\/tr>\n<tr>\n<td>1310<\/td>\n<td>La Hulpe<\/td>\n<td>20.00 \u20acuro<\/td>\n<\/tr>\n<tr>\n<td>1330<\/td>\n<td>Rixensart<\/td>\n<td>20.00 \u20acuro<\/td>\n<\/tr>\n<tr>\n<td>1410<\/td>\n<td>Waterloo<\/td>\n<td>20.00 \u20acuro<\/td>\n<\/tr>\n<tr>\n<td>1500<\/td>\n<td>Halle<\/td>\n<td>15.00 \u20acuro<\/td>\n<\/tr>\n<tr>\n<td>1560<\/td>\n<td>Hoeilaart<\/td>\n<td>17.50 \u20acuro<\/td>\n<\/tr>\n<tr>\n<td>1600<\/td>\n<td>Leeuw-Saint-Pierre<\/td>\n<td>10.00 \u20acuro<\/td>\n<\/tr>\n<tr>\n<td>1620<\/td>\n<td>Drogenbos<\/td>\n<td>10.00 \u20acuro<\/td>\n<\/tr>\n<tr>\n<td>1630<\/td>\n<td>Linkebeek<\/td>\n<td>10.00 \u20acuro<\/td>\n<\/tr>\n<tr>\n<td>1640<\/td>\n<td>Rhodes-Saint-Gen\u00e8se<\/td>\n<td>10.00 \u20acuro<\/td>\n<\/tr>\n<tr>\n<td>1650<\/td>\n<td>Beersel<\/td>\n<td>10.00 \u20acuro<\/td>\n<\/tr>\n<tr>\n<td>1651<\/td>\n<td>Lot<\/td>\n<td>10.00 \u20acuro<\/td>\n<\/tr>\n<tr>\n<td>1652<\/td>\n<td>Alsemberg<\/td>\n<td>10.00 \u20acuro<\/td>\n<\/tr>\n<tr>\n<td>1653<\/td>\n<td>Dworp<\/td>\n<td>10.00 \u20acuro<\/td>\n<\/tr>\n<tr>\n<td>1654<\/td>\n<td>Huizingen<\/td>\n<td>10.00 \u20acuro<\/td>\n<\/tr>\n<tr>\n<td>1700<\/td>\n<td>Dilbeek<\/td>\n<td>10.00 \u20acuro<\/td>\n<\/tr>\n<tr>\n<td>1701<\/td>\n<td>Itterbeek<\/td>\n<td>10.00 \u20acuro<\/td>\n<\/tr>\n<tr>\n<td>1702<\/td>\n<td>Grand-Bigard<\/td>\n<td>8.00 \u20acuro<\/td>\n<\/tr>\n<tr>\n<td>1703<\/td>\n<td>Schepdaal<\/td>\n<td>12.00 \u20acuro<\/td>\n<\/tr>\n<tr>\n<td>1730<\/td>\n<td>Asse<\/td>\n<td>12.00 \u20acuro<\/td>\n<\/tr>\n<tr>\n<td>1731<\/td>\n<td>Zellik<\/td>\n<td>10.00 \u20acuro<\/td>\n<\/tr>\n<tr>\n<td>1740<\/td>\n<td>Ternat<\/td>\n<td>15.00 \u20acuro<\/td>\n<\/tr>\n<tr>\n<td>1780<\/td>\n<td>Wemmel<\/td>\n<td>8.00 \u20acuro<\/td>\n<\/tr>\n<tr>\n<td>1785<\/td>\n<td>Merchtem<\/td>\n<td>15.00 \u20acuro<\/td>\n<\/tr>\n<tr>\n<td>1800<\/td>\n<td>Vilvoorde<\/td>\n<td>10.00 \u20acuro<\/td>\n<\/tr>\n<tr>\n<td>1820<\/td>\n<td>Steenokkerzeel<\/td>\n<td>12.00 \u20acuro<\/td>\n<\/tr>\n<tr>\n<td>1830<\/td>\n<td>Machelen<\/td>\n<td>15.00 \u20acuro<\/td>\n<\/tr>\n<tr>\n<td>1831<\/td>\n<td>Dieghem<\/td>\n<td>12.00 \u20acuro<\/td>\n<\/tr>\n<tr>\n<td>1850<\/td>\n<td>Grimbergen<\/td>\n<td>10.00 \u20acuro<\/td>\n<\/tr>\n<tr>\n<td>1853<\/td>\n<td>Strombeek-Bever<\/td>\n<td>12.00 \u20acuro<\/td>\n<\/tr>\n<tr>\n<td>1860<\/td>\n<td>Meise<\/td>\n<td>12.00 \u20acuro<\/td>\n<\/tr>\n<tr>\n<td>1910<\/td>\n<td>Kampenhout<\/td>\n<td>12.00 \u20acuro<\/td>\n<\/tr>\n<tr>\n<td>1930<\/td>\n<td>Zaventem<\/td>\n<td>12.00 \u20acuro<\/td>\n<\/tr>\n<tr>\n<td>1932<\/td>\n<td>Woluw\u00e9-Saint-Etienne<\/td>\n<td>12.00 \u20acuro<\/td>\n<\/tr>\n<tr>\n<td>1950<\/td>\n<td>Kraainem<\/td>\n<td>12.00 \u20acuro<\/td>\n<\/tr>\n<tr>\n<td>1970<\/td>\n<td>Wezembeek-Oppem<\/td>\n<td>15.00 \u20acuro<\/td>\n<\/tr>\n<tr>\n<td>1980-<\/td>\n<td>Zemst<\/td>\n<td>10.00 \u20acuro<\/td>\n<\/tr>\n<tr>\n<td>2800<\/td>\n<td>Mechelen<\/td>\n<td>20.00 \u20acuro<\/td>\n<\/tr>\n<tr>\n<td>3000-<\/td>\n<td>Leuven<\/td>\n<td>25.00 \u20acuro<\/td>\n<\/tr>\n<tr>\n<td>3070<\/td>\n<td>Kortenberg<\/td>\n<td>20.00 \u20acuro<\/td>\n<\/tr>\n<tr>\n<td>3080<\/td>\n<td>Tervuren<\/td>\n<td>20.00 \u20acuro<\/td>\n<\/tr>\n<tr>\n<td>3090<\/td>\n<td>Overijse<\/td>\n<td>20.00 \u20acuro<\/td>\n<\/tr>\n<tr>\n<td>3150<\/td>\n<td>Haacht<\/td>\n<td>20.00 \u20acuro<\/td>\n<\/tr>\n<\/tbody>\n<\/table>\n<p>[\/vc_toggle][vc_toggle title=&#8221;Quels sont les d\u00e9lais de livraison des fleurs ?&#8221; style=&#8221;round_outline&#8221; custom_font_container=&#8221;tag:div|text_align:left|color:%23010d26&#8243; custom_use_theme_fonts=&#8221;yes&#8221; use_custom_heading=&#8221;true&#8221;]Si vous effectuez votre commande <strong>avant 14h<\/strong>, elle peut encore \u00eatre <strong>livr\u00e9e le jour-m\u00eame<\/strong>. Sinon, notre site vous indique automatiquement la premi\u00e8re date de livraison possible.[\/vc_toggle][vc_toggle title=&#8221;\u00c0 quelle heure mon bouquet sera-t-il livr\u00e9 ?&#8221; style=&#8221;round_outline&#8221; custom_font_container=&#8221;tag:div|text_align:left|color:%23010d26&#8243; custom_use_theme_fonts=&#8221;yes&#8221; use_custom_heading=&#8221;true&#8221;]De fa\u00e7on g\u00e9n\u00e9rale, les fleurs sont livr\u00e9es <strong>entre 9h et 19h aux adresses priv\u00e9es<\/strong>, et <strong>entre 9h et 17h aux entreprises<\/strong>. Dans certains cas rares, du fait de l\u2019agitation, il est possible que la livraison soit effectu\u00e9e apr\u00e8s 19h.<\/p>\n<p>Vous souhaitez que vos fleurs soient livr\u00e9es \u00e0 une heure particuli\u00e8re\u00a0? N\u2019h\u00e9sitez pas \u00e0 noter vos pr\u00e9f\u00e9rences dans la section \u201c<strong>Remarques<\/strong>\u201d lorsque vous effectuez votre commande. Nous ferons le maximum pour respecter vos demandes.[\/vc_toggle][vc_toggle title=&#8221;Que se passe-t-il si le destinataire n\u2019est pas \u00e0 son domicile ?&#8221; style=&#8221;round_outline&#8221; custom_font_container=&#8221;tag:div|text_align:left|color:%23010d26&#8243; custom_use_theme_fonts=&#8221;yes&#8221; use_custom_heading=&#8221;true&#8221;]Dans ce cas, la livraison est effectu\u00e9e <strong>chez un voisin<\/strong>. Le destinataire re\u00e7oit une carte dans sa bo\u00eete aux lettres avec l\u2019adresse o\u00f9 se trouvent les fleurs.\u00a0Si les voisins ne sont pas l\u00e0 non plus, le fleuriste laissera directement la <strong>carte au destinataire<\/strong>, l\u2019invitant \u00e0 le contacter.[\/vc_toggle][vc_column_text css=&#8221;.vc_custom_1643119249505{margin-top: 35px !important;}&#8221;]<\/p>\n<h3 style=\"text-align: center;\">D<strong>\u2019autres questions<\/strong>\u00a0? Contactez-nous\u00a0!<\/h3>\n<p>[\/vc_column_text]<style type=\"text\/css\" data-type=\"the7_shortcodes-inline-css\">#default-btn-98a5a7ec93898bdc3febce72eaed3e71.ico-right-side > i {\n  margin-right: 0px;\n  margin-left: 8px;\n}\n#default-btn-98a5a7ec93898bdc3febce72eaed3e71 > i {\n  margin-right: 8px;\n}\n<\/style><div class=\"btn-align-center\"><a href=\"https:\/\/david-hof.poush-dev.be\/categorie-produit\/livraison-de-bouquets-de-fleurs\/\" class=\"default-btn-shortcode dt-btn dt-btn-m link-hover-off \" id=\"default-btn-98a5a7ec93898bdc3febce72eaed3e71\" title=\"Bouquets\"><span>Commandez votre bouquet en ligne<\/span><\/a><\/div>[\/vc_column][\/vc_row][vc_row full_width=&#8221;stretch_row&#8221; bg_type=&#8221;image&#8221; parallax_style=&#8221;vcpb-default&#8221; bg_image_new=&#8221;id^1792|url^https:\/\/david-hof.poush-dev.be\/wp-content\/uploads\/2022\/01\/dh-6.jpg|caption^null|alt^null|title^dh-6|description^null&#8221; bg_image_repeat=&#8221;no-repeat&#8221; bg_override=&#8221;ex-full&#8221; enable_overlay=&#8221;enable_overlay_value&#8221; overlay_color=&#8221;rgba(0,0,0,0.3)&#8221; el_class=&#8221;custom-position&#8221; css=&#8221;.vc_custom_1643122394128{padding-top: 40vh !important;}&#8221;][vc_column][\/vc_column][\/vc_row]<\/p>\n<\/section>","protected":false},"excerpt":{"rendered":"<p>[vc_row bg_type=&#8221;image&#8221; parallax_style=&#8221;vcpb-default&#8221; bg_image_new=&#8221;id^1789|url^https:\/\/david-hof.poush-dev.be\/wp-content\/uploads\/2022\/01\/dh-5.jpg|caption^null|alt^null|title^dh-5|description^null&#8221; bg_image_repeat=&#8221;no-repeat&#8221; bg_override=&#8221;ex-full&#8221; enable_overlay=&#8221;enable_overlay_value&#8221; overlay_color=&#8221;rgba(0,0,0,0.4)&#8221; overlay_pattern=&#8221;transperant&#8221; overlay_pattern_opacity=&#8221;0&#8243; overlay_pattern_size=&#8221;0&#8243; overlay_pattern_attachment=&#8221;fixed&#8221; css=&#8221;.vc_custom_1643122308636{padding-top: 80px !important;padding-bottom: 120px !important;background-position: center !important;background-repeat: no-repeat !important;background-size: cover !important;}&#8221; el_class=&#8221;custom-main&#8221;][vc_column offset=&#8221;vc_col-lg-offset-2 vc_col-lg-8&#8243;][vc_column_text el_class=&#8221;custom-white&#8221;] Flower delivery in Brussels [\/vc_column_text][\/vc_column][\/vc_row][vc_row full_width=&#8221;stretch_row&#8221; bg_type=&#8221;bg_color&#8221; bg_override=&#8221;ex-full&#8221; css=&#8221;.vc_custom_1643019247854{padding-top: 60px !important;padding-bottom: 60px !important;}&#8221; bg_color_value=&#8221;#f6f3eb&#8221;][vc_column offset=&#8221;vc_col-lg-offset-1 vc_col-lg-10&#8243;][vc_column_text] Les questions fr\u00e9quentes sur la livraison de vos fleurs [\/vc_column_text][vc_toggle title=&#8221;O\u00f9 puis-je&hellip;<\/p>\n","protected":false},"author":2,"featured_media":0,"parent":0,"menu_order":2,"comment_status":"closed","ping_status":"closed","template":"","meta":{"footnotes":""},"class_list":["post-2282","page","type-page","status-publish","hentry","description-off"],"acf":[],"yoast_head":"<!-- This site is optimized with the Yoast SEO plugin v20.3 - https:\/\/yoast.com\/wordpress\/plugins\/seo\/ -->\n<title>Flower delivery in Brussels - David&#039;s Hof<\/title>\n<meta name=\"robots\" content=\"noindex, follow, max-snippet:-1, max-image-preview:large, max-video-preview:-1\" \/>\n<meta property=\"og:locale\" content=\"en_US\" \/>\n<meta property=\"og:type\" content=\"article\" \/>\n<meta property=\"og:title\" content=\"Flower delivery in Brussels - David&#039;s Hof\" \/>\n<meta property=\"og:description\" content=\"[vc_row bg_type=&#8221;image&#8221; parallax_style=&#8221;vcpb-default&#8221; bg_image_new=&#8221;id^1789|url^https:\/\/david-hof.poush-dev.be\/wp-content\/uploads\/2022\/01\/dh-5.jpg|caption^null|alt^null|title^dh-5|description^null&#8221; bg_image_repeat=&#8221;no-repeat&#8221; bg_override=&#8221;ex-full&#8221; enable_overlay=&#8221;enable_overlay_value&#8221; overlay_color=&#8221;rgba(0,0,0,0.4)&#8221; overlay_pattern=&#8221;transperant&#8221; overlay_pattern_opacity=&#8221;0&#8243; overlay_pattern_size=&#8221;0&#8243; overlay_pattern_attachment=&#8221;fixed&#8221; css=&#8221;.vc_custom_1643122308636{padding-top: 80px !important;padding-bottom: 120px !important;background-position: center !important;background-repeat: no-repeat !important;background-size: cover !important;}&#8221; el_class=&#8221;custom-main&#8221;][vc_column offset=&#8221;vc_col-lg-offset-2 vc_col-lg-8&#8243;][vc_column_text el_class=&#8221;custom-white&#8221;] Flower delivery in Brussels [\/vc_column_text][\/vc_column][\/vc_row][vc_row full_width=&#8221;stretch_row&#8221; bg_type=&#8221;bg_color&#8221; bg_override=&#8221;ex-full&#8221; css=&#8221;.vc_custom_1643019247854{padding-top: 60px !important;padding-bottom: 60px !important;}&#8221; bg_color_value=&#8221;#f6f3eb&#8221;][vc_column offset=&#8221;vc_col-lg-offset-1 vc_col-lg-10&#8243;][vc_column_text] Les questions fr\u00e9quentes sur la livraison de vos fleurs [\/vc_column_text][vc_toggle title=&#8221;O\u00f9 puis-je&hellip;\" \/>\n<meta property=\"og:url\" content=\"https:\/\/david-hof.poush-dev.be\/en\/flower-delivery-in-brussels\/\" \/>\n<meta property=\"og:site_name\" content=\"David&#039;s Hof\" \/>\n<meta property=\"article:modified_time\" content=\"2022-06-01T08:23:57+00:00\" \/>\n<meta name=\"twitter:card\" content=\"summary_large_image\" \/>\n<meta name=\"twitter:label1\" content=\"Est. reading time\" \/>\n\t<meta name=\"twitter:data1\" content=\"4 minutes\" \/>\n<script type=\"application\/ld+json\" class=\"yoast-schema-graph\">{\"@context\":\"https:\/\/schema.org\",\"@graph\":[{\"@type\":\"WebPage\",\"@id\":\"https:\/\/david-hof.poush-dev.be\/en\/flower-delivery-in-brussels\/\",\"url\":\"https:\/\/david-hof.poush-dev.be\/en\/flower-delivery-in-brussels\/\",\"name\":\"Flower delivery in Brussels - David&#039;s Hof\",\"isPartOf\":{\"@id\":\"https:\/\/david-hof.poush-dev.be\/en\/#website\"},\"datePublished\":\"2022-01-25T13:48:20+00:00\",\"dateModified\":\"2022-06-01T08:23:57+00:00\",\"breadcrumb\":{\"@id\":\"https:\/\/david-hof.poush-dev.be\/en\/flower-delivery-in-brussels\/#breadcrumb\"},\"inLanguage\":\"en-US\",\"potentialAction\":[{\"@type\":\"ReadAction\",\"target\":[\"https:\/\/david-hof.poush-dev.be\/en\/flower-delivery-in-brussels\/\"]}]},{\"@type\":\"BreadcrumbList\",\"@id\":\"https:\/\/david-hof.poush-dev.be\/en\/flower-delivery-in-brussels\/#breadcrumb\",\"itemListElement\":[{\"@type\":\"ListItem\",\"position\":1,\"name\":\"Home\",\"item\":\"https:\/\/david-hof.poush-dev.be\/en\/\"},{\"@type\":\"ListItem\",\"position\":2,\"name\":\"Flower delivery in Brussels\"}]},{\"@type\":\"WebSite\",\"@id\":\"https:\/\/david-hof.poush-dev.be\/en\/#website\",\"url\":\"https:\/\/david-hof.poush-dev.be\/en\/\",\"name\":\"David&#039;s Hof\",\"description\":\"Le paradis des fleurs\",\"potentialAction\":[{\"@type\":\"SearchAction\",\"target\":{\"@type\":\"EntryPoint\",\"urlTemplate\":\"https:\/\/david-hof.poush-dev.be\/en\/?s={search_term_string}\"},\"query-input\":\"required name=search_term_string\"}],\"inLanguage\":\"en-US\"}]}<\/script>\n<!-- \/ Yoast SEO plugin. -->","yoast_head_json":{"title":"Flower delivery in Brussels - David&#039;s Hof","robots":{"index":"noindex","follow":"follow","max-snippet":"max-snippet:-1","max-image-preview":"max-image-preview:large","max-video-preview":"max-video-preview:-1"},"og_locale":"en_US","og_type":"article","og_title":"Flower delivery in Brussels - David&#039;s Hof","og_description":"[vc_row bg_type=&#8221;image&#8221; parallax_style=&#8221;vcpb-default&#8221; bg_image_new=&#8221;id^1789|url^https:\/\/david-hof.poush-dev.be\/wp-content\/uploads\/2022\/01\/dh-5.jpg|caption^null|alt^null|title^dh-5|description^null&#8221; bg_image_repeat=&#8221;no-repeat&#8221; bg_override=&#8221;ex-full&#8221; enable_overlay=&#8221;enable_overlay_value&#8221; overlay_color=&#8221;rgba(0,0,0,0.4)&#8221; overlay_pattern=&#8221;transperant&#8221; overlay_pattern_opacity=&#8221;0&#8243; overlay_pattern_size=&#8221;0&#8243; overlay_pattern_attachment=&#8221;fixed&#8221; css=&#8221;.vc_custom_1643122308636{padding-top: 80px !important;padding-bottom: 120px !important;background-position: center !important;background-repeat: no-repeat !important;background-size: cover !important;}&#8221; el_class=&#8221;custom-main&#8221;][vc_column offset=&#8221;vc_col-lg-offset-2 vc_col-lg-8&#8243;][vc_column_text el_class=&#8221;custom-white&#8221;] Flower delivery in Brussels [\/vc_column_text][\/vc_column][\/vc_row][vc_row full_width=&#8221;stretch_row&#8221; bg_type=&#8221;bg_color&#8221; bg_override=&#8221;ex-full&#8221; css=&#8221;.vc_custom_1643019247854{padding-top: 60px !important;padding-bottom: 60px !important;}&#8221; bg_color_value=&#8221;#f6f3eb&#8221;][vc_column offset=&#8221;vc_col-lg-offset-1 vc_col-lg-10&#8243;][vc_column_text] Les questions fr\u00e9quentes sur la livraison de vos fleurs [\/vc_column_text][vc_toggle title=&#8221;O\u00f9 puis-je&hellip;","og_url":"https:\/\/david-hof.poush-dev.be\/en\/flower-delivery-in-brussels\/","og_site_name":"David&#039;s Hof","article_modified_time":"2022-06-01T08:23:57+00:00","twitter_card":"summary_large_image","twitter_misc":{"Est. reading time":"4 minutes"},"schema":{"@context":"https:\/\/schema.org","@graph":[{"@type":"WebPage","@id":"https:\/\/david-hof.poush-dev.be\/en\/flower-delivery-in-brussels\/","url":"https:\/\/david-hof.poush-dev.be\/en\/flower-delivery-in-brussels\/","name":"Flower delivery in Brussels - David&#039;s Hof","isPartOf":{"@id":"https:\/\/david-hof.poush-dev.be\/en\/#website"},"datePublished":"2022-01-25T13:48:20+00:00","dateModified":"2022-06-01T08:23:57+00:00","breadcrumb":{"@id":"https:\/\/david-hof.poush-dev.be\/en\/flower-delivery-in-brussels\/#breadcrumb"},"inLanguage":"en-US","potentialAction":[{"@type":"ReadAction","target":["https:\/\/david-hof.poush-dev.be\/en\/flower-delivery-in-brussels\/"]}]},{"@type":"BreadcrumbList","@id":"https:\/\/david-hof.poush-dev.be\/en\/flower-delivery-in-brussels\/#breadcrumb","itemListElement":[{"@type":"ListItem","position":1,"name":"Home","item":"https:\/\/david-hof.poush-dev.be\/en\/"},{"@type":"ListItem","position":2,"name":"Flower delivery in Brussels"}]},{"@type":"WebSite","@id":"https:\/\/david-hof.poush-dev.be\/en\/#website","url":"https:\/\/david-hof.poush-dev.be\/en\/","name":"David&#039;s Hof","description":"Le paradis des fleurs","potentialAction":[{"@type":"SearchAction","target":{"@type":"EntryPoint","urlTemplate":"https:\/\/david-hof.poush-dev.be\/en\/?s={search_term_string}"},"query-input":"required name=search_term_string"}],"inLanguage":"en-US"}]}},"_links":{"self":[{"href":"https:\/\/david-hof.poush-dev.be\/en\/wp-json\/wp\/v2\/pages\/2282","targetHints":{"allow":["GET"]}}],"collection":[{"href":"https:\/\/david-hof.poush-dev.be\/en\/wp-json\/wp\/v2\/pages"}],"about":[{"href":"https:\/\/david-hof.poush-dev.be\/en\/wp-json\/wp\/v2\/types\/page"}],"author":[{"embeddable":true,"href":"https:\/\/david-hof.poush-dev.be\/en\/wp-json\/wp\/v2\/users\/2"}],"replies":[{"embeddable":true,"href":"https:\/\/david-hof.poush-dev.be\/en\/wp-json\/wp\/v2\/comments?post=2282"}],"version-history":[{"count":2,"href":"https:\/\/david-hof.poush-dev.be\/en\/wp-json\/wp\/v2\/pages\/2282\/revisions"}],"predecessor-version":[{"id":2445,"href":"https:\/\/david-hof.poush-dev.be\/en\/wp-json\/wp\/v2\/pages\/2282\/revisions\/2445"}],"wp:attachment":[{"href":"https:\/\/david-hof.poush-dev.be\/en\/wp-json\/wp\/v2\/media?parent=2282"}],"curies":[{"name":"wp","href":"https:\/\/api.w.org\/{rel}","templated":true}]}}